{"id":29,"date":"2020-01-16T06:33:19","date_gmt":"2020-01-16T06:33:19","guid":{"rendered":"https:\/\/www.demo.cosmoswp.com\/demo-15\/?page_id=669"},"modified":"2024-11-19T13:45:51","modified_gmt":"2024-11-19T10:45:51","slug":"anasayfa","status":"publish","type":"page","link":"https:\/\/mencofoods.com\/en\/","title":{"rendered":"HOME PAGE"},"content":{"rendered":"<section id=\"section-ee20aee7-d720-4a9c-8289-f6b9690d5e62\" class=\"wp-block-gutentor-image-slider gutentor-section gutentor-image-slider imageSlider-template1\"><div class=\"gutentor-grid-item-wrap wow animated undefined\"><div class=\"gutentor-slider-wrapper\" data-dots=\"false\" data-arrows=\"true\" data-infinite=\"true\" data-nextarrow=\"fas fa-angle-right\" data-prevarrow=\"fas fa-angle-left\" data-autoplay=\"true\" data-autoplayspeed=\"4000\" data-fade=\"true\" data-speed=\"700\"><div class=\"gutentor-slider-item\"><div class=\"gutentor-single-item gutentor-single-item-0 g-single-column-link-enabled\"><div class=\"gutentor-single-item-wrap\"><div class=\"gutentor-single-item-image-box\"><div class=\"gutentor-bg-image\"><\/div><\/div><\/div><a class=\"gutentor-single-item-box-link gutentor-link\" href=\"\/en\/politikalarimiz\/\"><\/a><\/div><\/div><div class=\"gutentor-slider-item\"><div class=\"gutentor-single-item gutentor-single-item-1 g-single-column-link-enabled\"><div class=\"gutentor-single-item-wrap\"><div class=\"gutentor-single-item-image-box\"><div class=\"gutentor-bg-image\"><\/div><\/div><\/div><a class=\"gutentor-single-item-box-link gutentor-link\" href=\"\/en\/dezenfekte-urunleri-ve-hizmeti\/\"><\/a><\/div><\/div><div class=\"gutentor-slider-item\"><div class=\"gutentor-single-item gutentor-single-item-2\"><div class=\"gutentor-single-item-wrap\"><div class=\"gutentor-single-item-image-box\"><div class=\"gutentor-bg-image\"><\/div><\/div><\/div><\/div><\/div><\/div><\/div><\/section>\n\n\n\n<section id=\"g-le6ghgb\" class=\"wp-block-gutentor-m4 section-g-le6ghgb gutentor-module gutentor-advanced-columns\"><div class=\"grid-container\"><div class=\"grid-row\">\n<div id=\"col-g-ypffvqu\" class=\"wp-block-gutentor-m4-col col-g-ypffvqu gutentor-single-column  grid-lg-12 grid-md-12 grid-12\"><div id=\"section-g-ypffvqu\" class=\"section-g-ypffvqu gutentor-col-wrap\"><div class=\"wp-block-ultimate-post-post-grid-2 ultp-block-f3540e\"><div class=\"ultp-block-wrapper\"><div class=\"ultp-loading\"><div class=\"ultp-loading-blocks\" style=\"width:100%;height:100%\"><div style=\"left: 0;top: 0\"><\/div><div style=\"left: 21px;top: 0\"><\/div><div style=\"left: 42px;top: 0\"><\/div><div style=\"left: 0;top: 21px\"><\/div><div style=\"left: 42px;top: 21px\"><\/div><div style=\"left: 0;top: 42px\"><\/div><div style=\"left: 42px;top: 42px\"><\/div><div style=\"left: 21px;top: 42px\"><\/div><\/div><\/div><div class=\"ultp-block-items-wrap ultp-block-row\"><div class=\"ultp-block-item post-id-2753\"><div class=\"ultp-block-content-wrap ultp-block-content-overlay\"><div class=\"ultp-block-image ultp-block-image-zoomOut\"><a href=\"https:\/\/mencofoods.com\/en\/2024\/10\/09\/pomelo\/\"><img decoding=\"async\" alt=\"Pomelo\" src=\"https:\/\/mencofoods.com\/wp-content\/uploads\/2024\/10\/pomelo.png\" \/><\/a><\/div><div class=\"ultp-block-content ultp-block-content-bottomPosition\"><div class=\"ultp-block-content-inner\"><\/div><\/div><\/div><\/div><div class=\"ultp-block-item post-id-2748\"><div class=\"ultp-block-content-wrap ultp-block-content-overlay\"><div class=\"ultp-block-image ultp-block-image-zoomOut\"><a href=\"https:\/\/mencofoods.com\/en\/2024\/10\/09\/mango\/\"><img decoding=\"async\" alt=\"Mango\" src=\"https:\/\/mencofoods.com\/wp-content\/uploads\/2024\/10\/Mango.png\" \/><\/a><\/div><div class=\"ultp-block-content ultp-block-content-bottomPosition\"><div class=\"ultp-block-content-inner\"><\/div><\/div><\/div><\/div><div class=\"ultp-block-item post-id-2743\"><div class=\"ultp-block-content-wrap ultp-block-content-overlay\"><div class=\"ultp-block-image ultp-block-image-zoomOut\"><a href=\"https:\/\/mencofoods.com\/en\/2024\/10\/09\/ananas\/\"><img decoding=\"async\" alt=\"Ananas\" src=\"https:\/\/mencofoods.com\/wp-content\/uploads\/2024\/10\/ananas.png\" \/><\/a><\/div><div class=\"ultp-block-content ultp-block-content-bottomPosition\"><div class=\"ultp-block-content-inner\"><\/div><\/div><\/div><\/div><div class=\"ultp-block-item post-id-2742\"><div class=\"ultp-block-content-wrap ultp-block-content-overlay\"><div class=\"ultp-block-image ultp-block-image-zoomOut\"><a href=\"https:\/\/mencofoods.com\/en\/2024\/10\/09\/ejder-meyvesi\/\"><img decoding=\"async\" alt=\"Ejder Meyvesi\" src=\"https:\/\/mencofoods.com\/wp-content\/uploads\/2024\/10\/ejder-meyvesi.png\" \/><\/a><\/div><div class=\"ultp-block-content ultp-block-content-bottomPosition\"><div class=\"ultp-block-content-inner\"><\/div><\/div><\/div><\/div><div class=\"ultp-block-item post-id-2736\"><div class=\"ultp-block-content-wrap ultp-block-content-overlay\"><div class=\"ultp-block-image ultp-block-image-zoomOut\"><a href=\"https:\/\/mencofoods.com\/en\/2024\/10\/09\/carkifelek-meyvesi-2\/\"><img decoding=\"async\" alt=\"Kiwano Meyvesi\" src=\"https:\/\/mencofoods.com\/wp-content\/uploads\/2024\/10\/kiwano.png\" \/><\/a><\/div><div class=\"ultp-block-content ultp-block-content-bottomPosition\"><div class=\"ultp-block-content-inner\"><\/div><\/div><\/div><\/div><div class=\"ultp-block-item post-id-2735\"><div class=\"ultp-block-content-wrap ultp-block-content-overlay\"><div class=\"ultp-block-image ultp-block-image-zoomOut\"><a href=\"https:\/\/mencofoods.com\/en\/2024\/10\/09\/karambola-meyvesi\/\"><img decoding=\"async\" alt=\"Karambola Meyvesi\" src=\"https:\/\/mencofoods.com\/wp-content\/uploads\/2024\/10\/karambola.png\" \/><\/a><\/div><div class=\"ultp-block-content ultp-block-content-bottomPosition\"><div class=\"ultp-block-content-inner\"><\/div><\/div><\/div><\/div><div class=\"ultp-block-item post-id-2729\"><div class=\"ultp-block-content-wrap ultp-block-content-overlay\"><div class=\"ultp-block-image ultp-block-image-zoomOut\"><a href=\"https:\/\/mencofoods.com\/en\/2024\/10\/09\/carkifelek-meyvesi\/\"><img decoding=\"async\" alt=\"\u00c7ark\u0131felek Meyvesi\" src=\"https:\/\/mencofoods.com\/wp-content\/uploads\/2024\/10\/carkifelek.png\" \/><\/a><\/div><div class=\"ultp-block-content ultp-block-content-bottomPosition\"><div class=\"ultp-block-content-inner\"><\/div><\/div><\/div><\/div><div class=\"ultp-block-item post-id-2728\"><div class=\"ultp-block-content-wrap ultp-block-content-overlay\"><div class=\"ultp-block-image ultp-block-image-zoomOut\"><a href=\"https:\/\/mencofoods.com\/en\/2024\/10\/09\/avakado\/\"><img decoding=\"async\" alt=\"Avakado\" src=\"https:\/\/mencofoods.com\/wp-content\/uploads\/2024\/10\/avakado.png\" \/><\/a><\/div><div class=\"ultp-block-content ultp-block-content-bottomPosition\"><div class=\"ultp-block-content-inner\"><\/div><\/div><\/div><\/div><div class=\"ultp-block-item post-id-2723\"><div class=\"ultp-block-content-wrap ultp-block-content-overlay\"><div class=\"ultp-block-image ultp-block-image-zoomOut\"><a href=\"https:\/\/mencofoods.com\/en\/2024\/10\/09\/papaya-meyvesi\/\"><img decoding=\"async\" alt=\"Papaya Meyvesi\" src=\"https:\/\/mencofoods.com\/wp-content\/uploads\/2024\/09\/papaya.png\" \/><\/a><\/div><div class=\"ultp-block-content ultp-block-content-bottomPosition\"><div class=\"ultp-block-content-inner\"><\/div><\/div><\/div><\/div><div class=\"ultp-block-item post-id-2720\"><div class=\"ultp-block-content-wrap ultp-block-content-overlay\"><div class=\"ultp-block-image ultp-block-image-zoomOut\"><a href=\"https:\/\/mencofoods.com\/en\/2024\/09\/26\/havuc\/\"><img decoding=\"async\" alt=\"Havu\u00e7\" src=\"https:\/\/mencofoods.com\/wp-content\/uploads\/2024\/09\/havuc.png\" \/><\/a><\/div><div class=\"ultp-block-content ultp-block-content-bottomPosition\"><div class=\"ultp-block-content-inner\"><\/div><\/div><\/div><\/div><div class=\"ultp-block-item post-id-2717\"><div class=\"ultp-block-content-wrap ultp-block-content-overlay\"><div class=\"ultp-block-image ultp-block-image-zoomOut\"><a href=\"https:\/\/mencofoods.com\/en\/2024\/09\/26\/kereviz\/\"><img decoding=\"async\" alt=\"Kereviz\" src=\"https:\/\/mencofoods.com\/wp-content\/uploads\/2024\/09\/kereviz.png\" \/><\/a><\/div><div class=\"ultp-block-content ultp-block-content-bottomPosition\"><div class=\"ultp-block-content-inner\"><\/div><\/div><\/div><\/div><div class=\"ultp-block-item post-id-2711\"><div class=\"ultp-block-content-wrap ultp-block-content-overlay\"><div class=\"ultp-block-image ultp-block-image-zoomOut\"><a href=\"https:\/\/mencofoods.com\/en\/2024\/09\/26\/zencefil\/\"><img decoding=\"async\" alt=\"Zencefil\" src=\"https:\/\/mencofoods.com\/wp-content\/uploads\/2024\/09\/zencefil.png\" \/><\/a><\/div><div class=\"ultp-block-content ultp-block-content-bottomPosition\"><div class=\"ultp-block-content-inner\"><\/div><\/div><\/div><\/div><\/div><\/div><\/div><\/div><\/div>\n<\/div><\/div><\/section>\n\n\n\n<section id=\"gmfd63238\" class=\"wp-block-gutentor-m4 alignwide section-gmfd63238 gutentor-module gutentor-advanced-columns has-image-bg has-custom-bg\"><div class=\"grid-container\"><div class=\"grid-row\">\n<div id=\"col-gm240167\" class=\"wp-block-gutentor-m4-col col-gm240167 gutentor-single-column  grid-lg-12 grid-md-12 grid-12\"><div id=\"section-gm240167\" class=\"section-gm240167 gutentor-col-wrap\">\n<section id=\"gmb36470d\" class=\"wp-block-gutentor-m2 section-gmb36470d gutentor-module gutentor-dynamic-columns gutentor-equal-column-height\"><div class=\"grid-container gutentor-rm-ct-space\"><div class=\"grid-row\">\n<div id=\"col-gmb246ff\" class=\"wp-block-gutentor-m2-col col-gmb246ff gutentor-module gutentor-dynamic-single-column grid-lg-4 grid-md-4 grid-6\"><div id=\"section-gmb246ff\" class=\"section-gmb246ff gutentor-single-col has-gutentor-overlay\">\n<div id=\"section-g7f991e\" class=\"wp-block-gutentor-e5 section-g7f991e gutentor-element gutentor-element-icon gutentor-icon-default text-align-center-mobile\"><div class=\"gutentor-element-icon-box\"><span><\/span><\/div><\/div>\n\n\n\n<div id=\"section-g2f34cf\" class=\"wp-block-gutentor-e5 section-g2f34cf gutentor-element gutentor-element-icon gutentor-icon-default text-align-center-desktop text-align-center-mobile\"><div class=\"gutentor-element-icon-box\"><i class=\"fas fa-map-marker-alt\"><\/i><\/div><\/div>\n\n\n\n<div id=\"section-gdce3a4\" class=\"wp-block-gutentor-e0 section-gdce3a4 gutentor-element gutentor-element-advanced-text text-align-center-mobile\"><div class=\"gutentor-text-wrap\"><p class=\"gutentor-text\"><strong>Call Us<\/strong><\/p><\/div><\/div>\n\n\n\n<p class=\"has-text-align-center has-black-color has-text-color has-link-color wp-elements-f21a1a61c1b634efd5846fb3b800bc23\" style=\"font-size:14px\">We have the best commercial services in Turkey, which include many services such as shipping, inspection, import and export services, as well as we have the best purchase offers on Turkish products and goods and we have agencies with many factories in Turkey<\/p>\n<\/div><\/div>\n\n\n\n<div id=\"col-gm5a59cd\" class=\"wp-block-gutentor-m2-col col-gm5a59cd gutentor-module gutentor-dynamic-single-column grid-lg-4 grid-md-4 grid-6\"><div id=\"section-gm5a59cd\" class=\"section-gm5a59cd gutentor-single-col has-gutentor-overlay\">\n<div id=\"section-g00a927\" class=\"wp-block-gutentor-e5 section-g00a927 gutentor-element gutentor-element-icon gutentor-icon-default text-align-center-mobile\"><div class=\"gutentor-element-icon-box\"><span><\/span><\/div><\/div>\n\n\n\n<div id=\"section-g20d24f\" class=\"wp-block-gutentor-e5 section-g20d24f gutentor-element gutentor-element-icon gutentor-icon-default text-align-center-desktop text-align-center-mobile\"><div class=\"gutentor-element-icon-box\"><i class=\"fas fa-shipping-fast\"><\/i><\/div><\/div>\n\n\n\n<div id=\"section-g6c53b6\" class=\"wp-block-gutentor-e0 section-g6c53b6 gutentor-element gutentor-element-advanced-text text-align-center-mobile\"><div class=\"gutentor-text-wrap\"><p class=\"gutentor-text\"><strong>Logistics<\/strong><\/p><\/div><\/div>\n\n\n\n<p class=\"has-text-align-center has-black-color has-text-color has-link-color wp-elements-99816087b8608386c9706ca17dc03953\" style=\"font-size:14px\"><strong>Mencofoods<\/strong>, is a company that believes that agriculture should be above all else and carries out its thoughts in parallel with its actions. In this direction, we believe that the future of the Turkish economy will be strengthened even more with agricultural development.<\/p>\n<\/div><\/div>\n\n\n\n<div id=\"col-gm160676\" class=\"wp-block-gutentor-m2-col col-gm160676 gutentor-module gutentor-dynamic-single-column grid-lg-4 grid-md-4 grid-6\"><div id=\"section-gm160676\" class=\"section-gm160676 gutentor-single-col has-gutentor-overlay\">\n<div id=\"section-ge75be1\" class=\"wp-block-gutentor-e5 section-ge75be1 gutentor-element gutentor-element-icon gutentor-icon-default text-align-center-mobile\"><div class=\"gutentor-element-icon-box\"><span><\/span><\/div><\/div>\n\n\n\n<div id=\"section-ga1b684\" class=\"wp-block-gutentor-e5 section-ga1b684 gutentor-element gutentor-element-icon gutentor-icon-default text-align-center-desktop text-align-center-mobile\"><div class=\"gutentor-element-icon-box\"><i class=\"fas fa-chart-bar\"><\/i><\/div><\/div>\n\n\n\n<div id=\"section-gab8529\" class=\"wp-block-gutentor-e0 section-gab8529 gutentor-element gutentor-element-advanced-text text-align-center-mobile\"><div class=\"gutentor-text-wrap\"><p class=\"gutentor-text\"><strong>Business Services in Turkey<\/strong><\/p><\/div><\/div>\n\n\n\n<p class=\"has-text-align-center has-black-color has-text-color has-link-color wp-elements-6a6965997d68911a933f4acff91ff3fd\" style=\"font-size:14px\">Do you want to inquire about our services? Please enter Visit the Contact Us page and fill out a form so that our customer services representatives can respond to all your inquiries and explain all the information you want to see about our commercial services in Turkey<\/p>\n<\/div><\/div>\n<\/div><\/div><\/section>\n<\/div><\/div>\n<\/div><\/div><\/section>\n\n\n\n<section id=\"gmd476638\" class=\"wp-block-gutentor-m4 section-gmd476638 gutentor-module gutentor-advanced-columns has-color-bg has-custom-bg\"><div class=\"grid-container\"><div class=\"grid-row\">\n<div id=\"col-gm9b663b\" class=\"wp-block-gutentor-m4-col col-gm9b663b gutentor-single-column  grid-lg-7 grid-md-12 grid-12\"><div id=\"section-gm9b663b\" class=\"section-gm9b663b gutentor-col-wrap\">\n<div id=\"section-g3f4c1c\" class=\"wp-block-gutentor-e0 section-g3f4c1c gutentor-element gutentor-element-advanced-text\"><div class=\"gutentor-text-wrap\"><p class=\"gutentor-text\"><\/p><\/div><\/div>\n\n\n\n<figure class=\"wp-block-image size-full\"><img loading=\"lazy\" decoding=\"async\" width=\"600\" height=\"400\" src=\"https:\/\/mencofoods.com\/wp-content\/uploads\/2024\/09\/depositphotos_325095340-stock-photo-gardener-in-uniform-with-box.webp\" alt=\"\" class=\"wp-image-2567\" srcset=\"https:\/\/mencofoods.com\/wp-content\/uploads\/2024\/09\/depositphotos_325095340-stock-photo-gardener-in-uniform-with-box.webp 600w, https:\/\/mencofoods.com\/wp-content\/uploads\/2024\/09\/depositphotos_325095340-stock-photo-gardener-in-uniform-with-box-300x200.webp 300w, https:\/\/mencofoods.com\/wp-content\/uploads\/2024\/09\/depositphotos_325095340-stock-photo-gardener-in-uniform-with-box-18x12.webp 18w\" sizes=\"auto, (max-width: 600px) 100vw, 600px\" \/><\/figure>\n<\/div><\/div>\n\n\n\n<div id=\"col-gmc1900b\" class=\"wp-block-gutentor-m4-col col-gmc1900b gutentor-single-column  grid-lg-5 grid-md-12 grid-12\"><div id=\"section-gmc1900b\" class=\"section-gmc1900b gutentor-col-wrap\">\n<p class=\"has-small-font-size\"><\/p>\n\n\n\n<h2 class=\"wp-block-heading has-black-color has-text-color has-link-color wp-elements-fe2bf0e7692639ff192663998a71d950\">Quality and Trust<\/h2>\n\n\n\n<p class=\"has-small-font-size\">Fruits &amp; Vegetables are one of the most special miracles that nature offers us. We can never get enough of eating them fresh, we consume them with pleasure and add flavor to our meals.<\/p>\n\n\n\n<p>In this regard, we are proud to offer you our products in the healthiest and most reliable ways.<\/p>\n\n\n\n<p class=\"has-small-font-size\">\u201cMiracles born from the soil\u2026\u201d<\/p>\n<\/div><\/div>\n<\/div><\/div><\/section>\n\n\n\n<section id=\"gme8d66cc\" class=\"wp-block-gutentor-m4 section-gme8d66cc gutentor-module gutentor-advanced-columns has-image-bg has-custom-bg has-gutentor-overlay\"><div class=\"grid-container\"><div class=\"grid-row\">\n<div id=\"col-gm42c0fc\" class=\"wp-block-gutentor-m4-col col-gm42c0fc gutentor-single-column  grid-lg-12 grid-md-12 grid-12\"><div id=\"section-gm42c0fc\" class=\"section-gm42c0fc gutentor-col-wrap\">\n<h2 class=\"wp-block-heading has-text-align-center has-white-color has-text-color has-link-color wp-elements-f9d427dea17be31abf6df4ce2e0f1437\">Paketleme ve ihracat ile ilgili sizlere daha detayl\u0131 bilgi verebiliriz.<\/h2>\n\n\n\n<p class=\"has-text-align-center has-white-color has-text-color has-link-color wp-elements-3f624348debc6b7deb2edee74e319f1f\" style=\"font-size:21px\">Sipari\u015f formu ve bilgilerinizi bizlere iletmeniz durumunda sizlere daha kolay bir y\u00f6ntem \u00f6nerebiliriz. L\u00fctfen bizimle ileti\u015fime ge\u00e7iniz.<\/p>\n\n\n\n<p><\/p>\n\n\n\n<div id=\"section-g3a4628\" class=\"wp-block-gutentor-e2 section-g3a4628 gutentor-element gutentor-element-button button-align-center-desktop\"><span class=\"gutentor-button-wrap\"><a class=\"gutentor-button gutentor-block-button gutentor-icon-hide\" href=\"https:\/\/mencofoods.com\/en\/call-us\/\"><i class=\"gutentor-button-icon fas fa-book\"><\/i><span>Call Us<\/span><\/a><\/span><\/div>\n<\/div><\/div>\n<\/div><\/div><\/section>","protected":false},"excerpt":{"rendered":"","protected":false},"author":1,"featured_media":0,"parent":0,"menu_order":0,"comment_status":"closed","ping_status":"closed","template":"template-gutentor-full-width.php","meta":{"footnotes":""},"class_list":["post-29","page","type-page","status-publish","hentry"],"_links":{"self":[{"href":"https:\/\/mencofoods.com\/en\/wp-json\/wp\/v2\/pages\/29","targetHints":{"allow":["GET"]}}],"collection":[{"href":"https:\/\/mencofoods.com\/en\/wp-json\/wp\/v2\/pages"}],"about":[{"href":"https:\/\/mencofoods.com\/en\/wp-json\/wp\/v2\/types\/page"}],"author":[{"embeddable":true,"href":"https:\/\/mencofoods.com\/en\/wp-json\/wp\/v2\/users\/1"}],"replies":[{"embeddable":true,"href":"https:\/\/mencofoods.com\/en\/wp-json\/wp\/v2\/comments?post=29"}],"version-history":[{"count":552,"href":"https:\/\/mencofoods.com\/en\/wp-json\/wp\/v2\/pages\/29\/revisions"}],"predecessor-version":[{"id":2837,"href":"https:\/\/mencofoods.com\/en\/wp-json\/wp\/v2\/pages\/29\/revisions\/2837"}],"wp:attachment":[{"href":"https:\/\/mencofoods.com\/en\/wp-json\/wp\/v2\/media?parent=29"}],"curies":[{"name":"wp","href":"https:\/\/api.w.org\/{rel}","templated":true}]}}