{"id":33,"date":"2019-12-18T09:45:01","date_gmt":"2019-12-18T09:45:01","guid":{"rendered":"https:\/\/www.demo.cosmoswp.com\/demo-15\/?page_id=321"},"modified":"2025-10-31T15:27:36","modified_gmt":"2025-10-31T12:27:36","slug":"call-us","status":"publish","type":"page","link":"https:\/\/mencofoods.com\/en\/call-us\/","title":{"rendered":"CALL US"},"content":{"rendered":"<section id=\"gmbf764fb\" class=\"wp-block-gutentor-m4 section-gmbf764fb gutentor-module gutentor-advanced-columns\"><div class=\"grid-container\"><div class=\"grid-row\">\n<div id=\"col-gm5cedac\" class=\"wp-block-gutentor-m4-col col-gm5cedac gutentor-single-column  grid-lg-8 grid-md-12 grid-12\"><div id=\"section-gm5cedac\" class=\"section-gm5cedac gutentor-col-wrap\">\n<p> &nbsp; &nbsp;<\/p>\n\n\n\n<p><strong>KRY GROUP \u0130stanbul Ofis\u00a0 \u00a0 \u00a0 \u00a0 \u00a0 \u00a0 \u00a0 \u00a0 \u00a0 \u00a0 \u00a0 \u00a0 \u00a0 \u00a0 \u00a0 \u00a0 \u00a0 \u00a0 \u00a0 \u00a0 \u00a0 \u00a0 \u00a0 \u00a0 \u00a0 \u00a0 \u00a0 \u00a0 \u00a0 \u00a0 \u00a0 \u00a0 \u00a0 \u00a0 \u00a0 \u00a0 <\/strong><br>\u0130skenderpa\u015fa Mh. Simit\u00e7i\u015fakir Sk. <br>No:30 D:3 Fatih \u2013 \u0130stanbul\u00a0 \u00a0 \u00a0 \u00a0<\/p>\n\n\n\n<p><strong>KOSHAL GIDA TEKST\u0130L TUR. \u0130TH. \u0130HR. LTD. \u015eT\u0130.\u00a0 <\/strong><br>Ye\u015filk\u00f6y Mh. Atat\u00fcrk Cd. EGS Business Park No: 1 2 \u0130\u00e7 Kap\u0131 No:1 Bak\u0131rk\u00f6y \u0130STANBUL<\/p>\n\n\n\n<p><strong>Paketleme Tesisi ve So\u011fuk Hava Deposu<\/strong><br>Baraj Mh. 5873 Sk No:11\/2 Kepez \u2013 ANTALYA&nbsp; &nbsp;<\/p>\n\n\n\n<p><strong>Contact Information :<\/strong><br>| Mehmet Konu\u015f +90 532 503 22 87<\/p>\n\n\n\n<p>| WhatsApp  +90 530 427 22 87<\/p>\n\n\n\n<p>| info@mencofoods.com<\/p>\n\n\n\n<p>| info@kry-group.com<\/p>\n\n\n\n<p>| export@mencofoods.com<\/p>\n\n\n\n<p><\/p>\n<\/div><\/div>\n\n\n\n<div id=\"col-gmebff32\" class=\"wp-block-gutentor-m4-col col-gmebff32 gutentor-single-column  grid-lg-4 grid-md-12 grid-12\"><div id=\"section-gmebff32\" class=\"section-gmebff32 gutentor-col-wrap\">\n<figure class=\"wp-block-image size-full\"><img decoding=\"async\" src=\"https:\/\/kry-group.com\/wp-content\/uploads\/2024\/10\/bize-ulasin.jpg\" alt=\"\" class=\"wp-image-2306\" \/><\/figure>\n<\/div><\/div>\n<\/div><\/div><\/section>\n\n\n\n<div class=\"wp-block-columns is-layout-flex wp-container-core-columns-is-layout-9d6595d7 wp-block-columns-is-layout-flex\">\n<div class=\"wp-block-column is-layout-flow wp-block-column-is-layout-flow\" style=\"flex-basis:100%\">\n<div class=\"wp-block-columns is-layout-flex wp-container-core-columns-is-layout-9d6595d7 wp-block-columns-is-layout-flex\">\n<div class=\"wp-block-column is-layout-flow wp-block-column-is-layout-flow\" style=\"flex-basis:100%\"><\/div>\n<\/div>\n<\/div>\n<\/div>","protected":false},"excerpt":{"rendered":"","protected":false},"author":1,"featured_media":0,"parent":0,"menu_order":0,"comment_status":"closed","ping_status":"closed","template":"template-gutentor-full-width.php","meta":{"footnotes":""},"class_list":["post-33","page","type-page","status-publish","hentry"],"_links":{"self":[{"href":"https:\/\/mencofoods.com\/en\/wp-json\/wp\/v2\/pages\/33","targetHints":{"allow":["GET"]}}],"collection":[{"href":"https:\/\/mencofoods.com\/en\/wp-json\/wp\/v2\/pages"}],"about":[{"href":"https:\/\/mencofoods.com\/en\/wp-json\/wp\/v2\/types\/page"}],"author":[{"embeddable":true,"href":"https:\/\/mencofoods.com\/en\/wp-json\/wp\/v2\/users\/1"}],"replies":[{"embeddable":true,"href":"https:\/\/mencofoods.com\/en\/wp-json\/wp\/v2\/comments?post=33"}],"version-history":[{"count":52,"href":"https:\/\/mencofoods.com\/en\/wp-json\/wp\/v2\/pages\/33\/revisions"}],"predecessor-version":[{"id":2843,"href":"https:\/\/mencofoods.com\/en\/wp-json\/wp\/v2\/pages\/33\/revisions\/2843"}],"wp:attachment":[{"href":"https:\/\/mencofoods.com\/en\/wp-json\/wp\/v2\/media?parent=33"}],"curies":[{"name":"wp","href":"https:\/\/api.w.org\/{rel}","templated":true}]}}